{"id":452,"date":"2024-02-09T09:56:26","date_gmt":"2024-02-09T08:56:26","guid":{"rendered":"https:\/\/stahlkonzept.com\/?page_id=452"},"modified":"2024-02-09T11:23:44","modified_gmt":"2024-02-09T10:23:44","slug":"statik-werkplanung","status":"publish","type":"page","link":"https:\/\/stahlkonzept.com\/?page_id=452","title":{"rendered":"Statik-\/Werkplanung"},"content":{"rendered":"\t\t<div data-elementor-type=\"wp-page\" data-elementor-id=\"452\" class=\"elementor elementor-452\" data-elementor-post-type=\"page\">\n\t\t\t\t<div class=\"elementor-element elementor-element-111eb9a e-flex e-con-boxed e-con e-parent\" data-id=\"111eb9a\" data-element_type=\"container\" data-e-type=\"container\" data-settings=\"{&quot;background_background&quot;:&quot;classic&quot;}\">\n\t\t\t\t\t<div class=\"e-con-inner\">\n\t\t\t\t\t<\/div>\n\t\t\t\t<\/div>\n\t\t<div class=\"elementor-element elementor-element-c94f331 e-flex e-con-boxed e-con e-parent\" data-id=\"c94f331\" data-element_type=\"container\" data-e-type=\"container\">\n\t\t\t\t\t<div class=\"e-con-inner\">\n\t\t<div class=\"elementor-element elementor-element-43a5aa4 e-con-full e-flex e-con e-child\" data-id=\"43a5aa4\" data-element_type=\"container\" data-e-type=\"container\" data-settings=\"{&quot;background_background&quot;:&quot;classic&quot;}\">\n\t\t\t\t<div class=\"elementor-element elementor-element-e535637 elementor-widget elementor-widget-heading\" data-id=\"e535637\" data-element_type=\"widget\" data-e-type=\"widget\" data-widget_type=\"heading.default\">\n\t\t\t\t<div class=\"elementor-widget-container\">\n\t\t\t\t\t<h2 class=\"elementor-heading-title elementor-size-default\"><span style=\"color: #484124\">Stahlhallenbau - <\/span>\n Statik und\/oder Werkplanung<\/h2>\t\t\t\t<\/div>\n\t\t\t\t<\/div>\n\t\t\t\t<div class=\"elementor-element elementor-element-c738918 elementor-widget elementor-widget-text-editor\" data-id=\"c738918\" data-element_type=\"widget\" data-e-type=\"widget\" data-widget_type=\"text-editor.default\">\n\t\t\t\t<div class=\"elementor-widget-container\">\n\t\t\t\t\t\t\t\t\t<p>Sie w\u00fcnschen sich einen Partner der Ihnen die Statik und\/oder die Werkstattzeichnungen erstellt, dann sind Sie bei der Firma Stahlkonzept in Lindern sehr gut aufgehoben.<\/p><p><span style=\"color: #7e871d;\">Wir verf\u00fcgen \u00fcber langj\u00e4hrige Erfahrung im Stahlhallenbau.<\/span><br \/><span style=\"color: #7e871d;\">Nutzen Sie unser Wissen bei Ihrer Planung.<\/span><\/p><p>Im hauseigenen Planungsb\u00fcro werden selbst schwierigste und anspruchsvollste Konstruktionen nach individuellen W\u00fcnschen der Bauherren oder Architekten entworfen und konstruiert.<\/p>\t\t\t\t\t\t\t\t<\/div>\n\t\t\t\t<\/div>\n\t\t\t\t<\/div>\n\t\t\t\t\t<\/div>\n\t\t\t\t<\/div>\n\t\t<div class=\"elementor-element elementor-element-aa1bd41 e-con-full e-flex e-con e-parent\" data-id=\"aa1bd41\" data-element_type=\"container\" data-e-type=\"container\">\n\t\t<div class=\"elementor-element elementor-element-3e6ed7c e-con-full e-flex e-con e-child\" data-id=\"3e6ed7c\" data-element_type=\"container\" data-e-type=\"container\" data-settings=\"{&quot;background_background&quot;:&quot;classic&quot;}\">\n\t\t<div class=\"elementor-element elementor-element-926808b e-con-full e-flex e-con e-child\" data-id=\"926808b\" data-element_type=\"container\" data-e-type=\"container\">\n\t\t\t\t<div class=\"elementor-element elementor-element-3062bcb elementor-widget elementor-widget-heading\" data-id=\"3062bcb\" data-element_type=\"widget\" data-e-type=\"widget\" data-widget_type=\"heading.default\">\n\t\t\t\t<div class=\"elementor-widget-container\">\n\t\t\t\t\t<h3 class=\"elementor-heading-title elementor-size-default\">Wir bieten Ihnen:<\/h3>\t\t\t\t<\/div>\n\t\t\t\t<\/div>\n\t\t\t\t<div class=\"elementor-element elementor-element-192d4a1 elementor-icon-list--layout-traditional elementor-list-item-link-full_width elementor-widget elementor-widget-icon-list\" data-id=\"192d4a1\" data-element_type=\"widget\" data-e-type=\"widget\" data-widget_type=\"icon-list.default\">\n\t\t\t\t<div class=\"elementor-widget-container\">\n\t\t\t\t\t\t\t<ul class=\"elementor-icon-list-items\">\n\t\t\t\t\t\t\t<li class=\"elementor-icon-list-item\">\n\t\t\t\t\t\t\t\t\t\t\t<span class=\"elementor-icon-list-icon\">\n\t\t\t\t\t\t\t<i aria-hidden=\"true\" class=\"fas fa-chevron-right\"><\/i>\t\t\t\t\t\t<\/span>\n\t\t\t\t\t\t\t\t\t\t<span class=\"elementor-icon-list-text\">Statik mit Standsicherheitsnachweis inklusive Positions- und Bewehrungspl\u00e4nen<\/span>\n\t\t\t\t\t\t\t\t\t<\/li>\n\t\t\t\t\t\t\t\t<li class=\"elementor-icon-list-item\">\n\t\t\t\t\t\t\t\t\t\t\t<span class=\"elementor-icon-list-icon\">\n\t\t\t\t\t\t\t<i aria-hidden=\"true\" class=\"fas fa-chevron-right\"><\/i>\t\t\t\t\t\t<\/span>\n\t\t\t\t\t\t\t\t\t\t<span class=\"elementor-icon-list-text\">Montage\u00fcbersichten und Werkstattpl\u00e4ne inkl. Materiallisten<\/span>\n\t\t\t\t\t\t\t\t\t<\/li>\n\t\t\t\t\t\t<\/ul>\n\t\t\t\t\t\t<\/div>\n\t\t\t\t<\/div>\n\t\t\t\t<div class=\"elementor-element elementor-element-a2e743c elementor-widget elementor-widget-text-editor\" data-id=\"a2e743c\" data-element_type=\"widget\" data-e-type=\"widget\" data-widget_type=\"text-editor.default\">\n\t\t\t\t<div class=\"elementor-widget-container\">\n\t\t\t\t\t\t\t\t\t<p>Anfragen bitte an: <a href=\"mailto:info@stahlkonzept.com\">info@stahlkonzept.com<\/a><\/p>\t\t\t\t\t\t\t\t<\/div>\n\t\t\t\t<\/div>\n\t\t\t\t<\/div>\n\t\t\t\t<\/div>\n\t\t<div class=\"elementor-element elementor-element-b5cbe06 e-con-full e-flex e-con e-child\" data-id=\"b5cbe06\" data-element_type=\"container\" data-e-type=\"container\" data-settings=\"{&quot;background_background&quot;:&quot;classic&quot;}\">\n\t\t\t\t<\/div>\n\t\t\t\t<\/div>\n\t\t\t\t<\/div>\n\t\t","protected":false},"excerpt":{"rendered":"<p>Stahlhallenbau &#8211; Statik und\/oder Werkplanung Sie w\u00fcnschen sich einen Partner der Ihnen die Statik und\/oder die Werkstattzeichnungen erstellt, dann sind Sie bei der Firma Stahlkonzept in Lindern sehr gut aufgehoben. Wir verf\u00fcgen \u00fcber langj\u00e4hrige Erfahrung im Stahlhallenbau.Nutzen Sie unser Wissen bei Ihrer Planung. Im hauseigenen Planungsb\u00fcro werden selbst schwierigste und anspruchsvollste Konstruktionen nach individuellen W\u00fcnschen [&hellip;]<\/p>\n","protected":false},"author":1,"featured_media":0,"parent":0,"menu_order":0,"comment_status":"closed","ping_status":"closed","template":"","meta":{"footnotes":""},"class_list":["post-452","page","type-page","status-publish","hentry"],"_links":{"self":[{"href":"https:\/\/stahlkonzept.com\/index.php?rest_route=\/wp\/v2\/pages\/452","targetHints":{"allow":["GET"]}}],"collection":[{"href":"https:\/\/stahlkonzept.com\/index.php?rest_route=\/wp\/v2\/pages"}],"about":[{"href":"https:\/\/stahlkonzept.com\/index.php?rest_route=\/wp\/v2\/types\/page"}],"author":[{"embeddable":true,"href":"https:\/\/stahlkonzept.com\/index.php?rest_route=\/wp\/v2\/users\/1"}],"replies":[{"embeddable":true,"href":"https:\/\/stahlkonzept.com\/index.php?rest_route=%2Fwp%2Fv2%2Fcomments&post=452"}],"version-history":[{"count":16,"href":"https:\/\/stahlkonzept.com\/index.php?rest_route=\/wp\/v2\/pages\/452\/revisions"}],"predecessor-version":[{"id":475,"href":"https:\/\/stahlkonzept.com\/index.php?rest_route=\/wp\/v2\/pages\/452\/revisions\/475"}],"wp:attachment":[{"href":"https:\/\/stahlkonzept.com\/index.php?rest_route=%2Fwp%2Fv2%2Fmedia&parent=452"}],"curies":[{"name":"wp","href":"https:\/\/api.w.org\/{rel}","templated":true}]}}